{"id":79336,"date":"2012-07-02T14:55:35","date_gmt":"2012-07-02T20:55:35","guid":{"rendered":"http:\/\/www.patheos.com\/blogs\/lookingcloser\/?page_id=79336"},"modified":"2014-05-25T15:21:16","modified_gmt":"2014-05-25T21:21:16","slug":"overstreets-favorite-films-2011","status":"publish","type":"page","link":"https:\/\/www.patheos.com\/blogs\/lookingcloser\/on-film\/overstreets-favorite-films-2011\/","title":{"rendered":"Overstreet&#8217;s Favorite Films: 2011"},"content":{"rendered":"<!DOCTYPE html PUBLIC \"-\/\/W3C\/\/DTD HTML 4.0 Transitional\/\/EN\" \"http:\/\/www.w3.org\/TR\/REC-html40\/loose.dtd\">\n<html><head><meta http-equiv=\"content-type\" content=\"text\/html; charset=utf-8\"><meta http-equiv=\"content-type\" content=\"text\/html; charset=utf-8\"><\/head><body><p>Here is the current (but occasionally updated) list of my favorite films from 2011.<\/p>\n<p>In order to understand the color-coding, the purpose, and meaning of this list, please read\u00a0<a href=\"https:\/\/www.patheos.com\/blogs\/lookingcloser\/jeffrey-overstreets-favorite-films-lists\/\" class=\" decorated-link\" target=\"_blank\">my introduction to the Looking Closer Favorite Films lists here<\/a>.<\/p>\n<p><strong><span style=\"color: #ff0000;\">Red = Treasures<br>\n<\/span><span style=\"color: #800080;\">Purple = Favorites<br>\n<\/span><span style=\"color: #333399;\">Blue = Achievements<br>\n<\/span><span style=\"color: #333333;\">Gray = Decent\/Noteworthy<br>\n<\/span><span style=\"color: #339966;\">Green = Unseen or Undecided<\/span><br>\n* = This film opened elsewhere in the world before its U.S. commercial release in New York and L.A. this year.<\/strong><\/p>\n<ol>\n<li><span style=\"color: #ff0000;\">Certified Copy*<\/span><\/li>\n<li><span style=\"color: #ff0000;\">The Tree of Life (<\/span><a href=\"http:\/\/lookingcloser.org\/2011\/06\/the-tree-of-life-2011\/\" class=\" decorated-link\" target=\"_blank\" rel=\"nofollow\">reviews<\/a><span style=\"color: #ff0000;\">)<\/span><\/li>\n<li><span style=\"color: #ff0000;\">Pina* (<\/span><a href=\"http:\/\/imagejournal.org\/page\/blog\/learning-to-read-a-dance-in-3d\" class=\" decorated-link\" target=\"_blank\" rel=\"nofollow\">review<\/a><span style=\"color: #ff0000;\">)<\/span><\/li>\n<li><span style=\"color: #ff0000;\">A Separation*<\/span><\/li>\n<li><span style=\"color: #ff0000;\">Of Gods and Men*<\/span> (<a href=\"http:\/\/lookingcloser.org\/2012\/02\/of-gods-and-men-2010-2\/\" class=\" decorated-link\" target=\"_blank\" rel=\"nofollow\">review<\/a>)<\/li>\n<li><span style=\"color: #800080;\">The Mill and the Cross<\/span><\/li>\n<li><span style=\"color: #800080;\">The Kid With a Bike*<\/span><\/li>\n<li><span style=\"color: #800080;\">Margaret<\/span><\/li>\n<li><span style=\"color: #800080;\">Uncle Boonmee Who Can Recall His Past Lives*<\/span> (<a href=\"http:\/\/imagejournal.org\/page\/blog\/stories-from-before-we-can-remember-part-2\" class=\" decorated-link\" target=\"_blank\" rel=\"nofollow\">review<\/a>)<\/li>\n<li><span style=\"color: #800080;\">Nostalgia for the Light*<\/span><\/li>\n<li><span style=\"color: #800080;\">Tuesday, After Christmas*<\/span><\/li>\n<li><span style=\"color: #800080;\">Buck<\/span><\/li>\n<li><span style=\"color: #800080;\">Martha Marcy May Marlene (<\/span><a href=\"http:\/\/lookingcloser.org\/2011\/11\/martha-marcy-may-marlene-2011\/\" class=\" decorated-link\" target=\"_blank\" rel=\"nofollow\">review<\/a><span style=\"color: #800080;\">)<\/span><\/li>\n<li><span style=\"color: #800080;\">War Horse (<\/span><a href=\"http:\/\/lookingcloser.org\/2011\/12\/war-horse-2011\/\" class=\" decorated-link\" target=\"_blank\" rel=\"nofollow\"><span style=\"color: #800080;\">review<\/span><\/a><span style=\"color: #800080;\">)<\/span><\/li>\n<li><span style=\"color: #800080;\">The Muppets (<\/span><a href=\"http:\/\/lookingcloser.org\/2011\/11\/the-muppets-2011-2\/\" class=\" decorated-link\" target=\"_blank\" rel=\"nofollow\"><span style=\"color: #800080;\">review<\/span><\/a><span style=\"color: #800080;\">)<\/span><\/li>\n<li><span style=\"color: #800080;\">Meek\u2019s Cutoff*<\/span>\u00a0(<a href=\"http:\/\/theotherjournal.com\/filmwell\/2011\/05\/21\/scribbled-in-the-dark-meeks-cutoff\/\" class=\" decorated-link\" target=\"_blank\" rel=\"nofollow\">review<\/a>)<\/li>\n<li><span style=\"color: #800080;\">Mysteries of Lisbon*<\/span><\/li>\n<li><span style=\"color: #800080;\">The Arbor*<\/span><\/li>\n<li><span style=\"color: #0000ff;\"><span>Drive (<\/span><a href=\"http:\/\/lookingcloser.org\/2011\/09\/drive-2011\/\" class=\" decorated-link\" target=\"_blank\" rel=\"nofollow\"><span style=\"color: #0000ff;\">review<\/span><\/a><span>)<\/span><\/span><\/li>\n<li><span style=\"color: #0000ff;\">Hugo<\/span><\/li>\n<li><span style=\"color: #0000ff;\">Tinker Tailor Soldier Spy<\/span><\/li>\n<li><span style=\"color: #0000ff;\">Le Quattro Volte*<\/span><\/li>\n<li><span style=\"color: #0000ff;\">Le Havre<\/span><\/li>\n<li><span style=\"color: #0000ff;\">L\u2019Apollonide (House of Pleasures)*<\/span><\/li>\n<li><span style=\"color: #0000ff;\">Film Socialisme*<\/span><\/li>\n<li><span style=\"color: #0000ff;\">Take Shelter<\/span><\/li>\n<li><span style=\"color: #0000ff;\">Winnie the Pooh<\/span><\/li>\n<li><span style=\"color: #0000ff;\">Win Win (<\/span><a href=\"http:\/\/lookingcloser.org\/2011\/04\/win-win-2011\/\" class=\" decorated-link\" target=\"_blank\" rel=\"nofollow\"><span style=\"color: #0000ff;\">review<\/span><\/a><span style=\"color: #0000ff;\">) (<\/span><a href=\"http:\/\/www.spu.edu\/depts\/uc\/response\/new\/2011-spring\/exclusives\/win-win.asp\" class=\" decorated-link\" target=\"_blank\"><span style=\"color: #0000ff;\">interview with Tom McCarthy<\/span><\/a><span style=\"color: #0000ff;\">)<\/span><\/li>\n<li><span style=\"color: #0000ff;\"><span>Mission: Impossible \u2013 Ghost Protocol (<\/span><a href=\"http:\/\/lookingcloser.org\/2011\/12\/mission-impossible-ghost-protocol-2011\/\" class=\" decorated-link\" target=\"_blank\" rel=\"nofollow\"><span style=\"color: #0000ff;\">review<\/span><\/a><span>)<\/span><\/span><\/li>\n<li><span style=\"color: #0000ff;\">Attack the Block<\/span><\/li>\n<li><span style=\"color: #0000ff;\">Poetry*<\/span><\/li>\n<li><span style=\"color: #0000ff;\">Moneyball<\/span><\/li>\n<li><span style=\"color: #0000ff;\">Beginners*<\/span> (<a href=\"http:\/\/imagejournal.org\/page\/blog\/when-it-comes-to-love-were-beginners\" class=\" decorated-link\" target=\"_blank\" rel=\"nofollow\">review<\/a>)<\/li>\n<li><span style=\"color: #0000ff;\">Road to Nowhere*<\/span><\/li>\n<li><span style=\"color: #0000ff;\">Submarine*<\/span><\/li>\n<li><span style=\"color: #0000ff; font-size: 13px; line-height: 19px;\">Tyrannosaur*<\/span><\/li>\n<li><span style=\"color: #0000ff;\">The Trip<\/span><\/li>\n<\/ol>\n<ul>\n<li><span style=\"color: #0000ff; font-size: 13px; line-height: 19px;\">A Dangerous Method<\/span><\/li>\n<li><span style=\"color: #0000ff;\">Rango<\/span><\/li>\n<li><span style=\"color: #0000ff;\">Midnight in Paris<\/span><\/li>\n<li><span style=\"color: #0000ff;\">Jane Eyre (<a href=\"http:\/\/lookingcloser.org\/2011\/03\/jane-eyre-2011\/\" class=\" decorated-link\" target=\"_blank\" rel=\"nofollow\">review<\/a>)<\/span><\/li>\n<li><span style=\"color: #0000ff;\">Super 8<\/span><\/li>\n<li><span style=\"color: #0000ff;\">Rise of the Planet of the Apes<\/span><\/li>\n<li><span style=\"color: #0000ff;\">Contagion<\/span><span style=\"color: #808080;\"> (<\/span><a href=\"http:\/\/lookingcloser.org\/2011\/09\/contagion-2011\/\" class=\" decorated-link\" target=\"_blank\" rel=\"nofollow\">review<\/a><span style=\"color: #808080;\">)<\/span><\/li>\n<li><span style=\"color: #333333;\">The Descendants<\/span><\/li>\n<li><span style=\"color: #333333;\">Higher Ground*<\/span><\/li>\n<li><span style=\"color: #333333;\">Harry Potter and the Deathly Hallows Part 2<\/span><\/li>\n<li><span style=\"color: #333333;\">X-Men: First Class<\/span><\/li>\n<li><span style=\"color: #333333;\">Your Sister\u2019s Sister*<\/span><\/li>\n<li>First Position<em> (<\/em><a href=\"https:\/\/www.patheos.com\/blogs\/goodletters\/2012\/06\/first-position-and-the-competition-crucible\/\" class=\" decorated-link\" target=\"_blank\">review<\/a>)<\/li>\n<li><span style=\"color: #333333;\">Source Code<\/span><\/li>\n<li><span style=\"color: #333333;\">Bridesmaids*<\/span><\/li>\n<li><span style=\"color: #333333;\">The Adventures of Tintin<\/span><\/li>\n<\/ul>\n<h6 style=\"text-align: right;\"><span style=\"color: #000000;\">As-yet Unseen or Unratable Films of 2011:<\/span><\/h6>\n<h6 style=\"text-align: right;\"><span style=\"color: #008000;\">4:44 Last Day on Earth (Abel Ferrara)<\/span><br>\n<span style=\"color: #008000;\"> 50\/50 (Jonathan Levine)<\/span><br>\n<span style=\"color: #008000;\"> A Better Life<\/span><br>\n<span style=\"color: #008000;\"> A Very Harold &amp; Kumar 3D Christmas (Todd Strauss-Schulson)<\/span><br>\n<span style=\"color: #008000;\"> Albert Nobbs<\/span><br>\n<span style=\"color: #008000;\"> All Watched Over by Machines of Loving Grace (Adam Curtis)<\/span><br>\n<span style=\"color: #008000;\"> Almayer\u2019s Folly (Chantal Akerman)<\/span><br>\n<span style=\"color: #008000;\"> Alpis<\/span><br>\n<span style=\"color: #008000;\"> Anonymous<\/span><br>\n<span style=\"color: #008000;\"> Art History (Joe Swanberg)<\/span><br>\n<span style=\"color: #008000;\"> Autoerotic (Joe Swanberg)<\/span><br>\n<span style=\"color: #008000;\"> Avalon<\/span><br>\n<span style=\"color: #008000;\"> Battle: Los Angeles<\/span><br>\n<span style=\"color: #008000;\"> Born to Be Wild<\/span><span style=\"color: #008000;\"><br>\n<\/span> <span style=\"color: #008000;\"> Caitlin Plays Herself (Joe Swanberg)<\/span><br>\n<span style=\"color: #008000;\"> Carnage (Roman Polanski)<\/span><br>\n<span style=\"color: #008000;\"> Conan O\u2019Brien Can\u2019t Stop<\/span><br>\n<span style=\"color: #008000;\"> Corpo Celeste (Alice Rohrwacher)<\/span><br>\n<span style=\"color: #008000;\"> Dark Horse<\/span><br>\n<span style=\"color: #008000;\"> Dolphin Tale<\/span><br>\n<span style=\"color: #008000;\"> Duo Mingjin<\/span><br>\n<span style=\"color: #008000;\"> Edwin Parker (Tacita Dean)<\/span><br>\n<span style=\"color: #008000;\"> Elena (Andrei Zvyagintsev)<\/span><br>\n<span style=\"color: #008000;\"> Extremely Loud and Incredibly Close<\/span><br>\n<span style=\"color: #008000;\"> Fast Five<\/span><br>\n<span style=\"color: #008000;\"> Faust (Alexander Sokurov)<\/span><br>\n<span style=\"color: #008000;\"> Footnote (Joseph Cedar)<\/span><br>\n<span style=\"color: #008000;\"> Good for Nothing<\/span><br>\n<span style=\"color: #008000;\"> Goodbye First Love (Mia Hansen-Love)<\/span><br>\n<span style=\"color: #008000;\"> Green Lantern<\/span><br>\n<span style=\"color: #008000;\"> Hahithalfut<\/span><br>\n<span style=\"color: #008000;\"> Hall Pass (Bobby and Peter Farrelly)<\/span><br>\n<span style=\"color: #008000;\"> Happy Feet Two<\/span><br>\n<span style=\"color: #008000;\"> Hell and Back Again<\/span><br>\n<span style=\"color: #008000;\">Himizu<\/span><br>\n<span style=\"color: #008000;\"> Horrible Bosses (Seth Gordon)<\/span><br>\n<span style=\"color: #008000;\"> Hors Satan (Bruno Dumont)<\/span><br>\n<span style=\"color: #008000;\"> House of Tolerance (Bertrand Bonello)<\/span><br>\n<span style=\"color: #008000;\"> How to Die in Oregon<\/span><br>\n<span style=\"color: #008000;\"> I Will Follow<\/span><br>\n<span style=\"color: #008000;\"> In Darkness<\/span><br>\n<span style=\"color: #008000;\"> In the Land of Blood and Honey<\/span><br>\n<span style=\"color: #008000;\"> Innocent Saturday (Alexander Mindadze)<\/span><br>\n<span style=\"color: #008000;\"> Into the Abyss<\/span><br>\n<span style=\"color: #008000;\"> J. Edgar (Clint Eastwood)<\/span><br>\n<span style=\"color: #008000;\"> Killer Joe<\/span><br>\n<span style=\"color: #008000;\"> Kinyarwanda<\/span><br>\n<span style=\"color: #008000;\"> Like Crazy<\/span><br>\n<span style=\"color: #008000;\"> Love and Bruises (Lou Ye)<\/span><br>\n<span style=\"color: #008000;\"> Low Life (Nicolas Klotz)<\/span><br>\n<span style=\"color: #008000;\"> L\u2019ultimo terrestre<\/span><br>\n<span style=\"color: #008000;\"> Margin Call<\/span><br>\n<span style=\"color: #008000;\"> Mars Needs Moms<\/span><br>\n<span style=\"color: #008000;\"> Melancholia (Lars von Trier)<\/span><br>\n<span style=\"color: #008000;\"> Mildred Pierce<\/span><br>\n<span style=\"color: #008000;\"> Monsieur Lazhar<\/span><br>\n<span style=\"color: #008000;\"> On the Shoulders of Giants<\/span><br>\n<span style=\"color: #008000;\"> Once Upon a Time in Anatolia (Nuri Bilge Ceylan)<\/span><br>\n<span style=\"color: #008000;\"> Page Eight<\/span><br>\n<span style=\"color: #008000;\"> Page One: Inside The New York Times<\/span><br>\n<span style=\"color: #008000;\"> Paul (Greg Mottola)<\/span><span style=\"color: #008000;\"><br>\n<\/span> <span style=\"color: #008000;\"> Pirates of the Caribbean: On Stranger Tides<\/span><br>\n<span style=\"color: #008000;\"> Policeman (Nadav Lapid)<\/span><br>\n<span style=\"color: #008000;\"> Polisse<\/span><br>\n<span style=\"color: #008000;\"> Poulet aux prunes<\/span><br>\n<span style=\"color: #008000;\"> Project Nim<\/span><br>\n<span style=\"color: #008000;\"> Prom<\/span><br>\n<span style=\"color: #008000;\"> Puss in Boots<\/span><br>\n<span style=\"color: #008000;\"> Quando la notte<\/span><br>\n<span style=\"color: #008000;\"> Real Steel<\/span><br>\n<span style=\"color: #008000;\"> Ren Shan Ren Hai<\/span><br>\n<span style=\"color: #008000;\"> Resurrect Dead: The Mystery of the Toynbee Tiles<\/span><br>\n<span style=\"color: #008000;\"> Ricky (Janie Geiser)<\/span><br>\n<span style=\"color: #008000;\"> Rio<\/span><br>\n<span style=\"color: #008000;\"> River Rites (Ben Russell)<\/span><br>\n<span style=\"color: #008000;\"> Saideke Balai<\/span><br>\n<span style=\"color: #008000;\"> Septien (Michael Tully)<\/span><br>\n<span style=\"color: #008000;\"> Shame (Steve McQueen)<\/span><br>\n<span style=\"color: #008000;\"> Sherlock Holmes: A Game of Shadows<\/span><br>\n<span style=\"color: #008000;\"> Silver Bullets (Joe Swanberg)<\/span><br>\n<span style=\"color: #008000;\"> Sleeping Sickness (Ulrich Kohler)<\/span><br>\n<span style=\"color: #008000;\"> Slow Action (Ben Rivers)<\/span><br>\n<span style=\"color: #008000;\"> Source Code (Duncan Jones)<\/span><br>\n<span style=\"color: #008000;\"> Starbuck<\/span><br>\n<span style=\"color: #008000;\"> Tao jie<\/span><br>\n<span style=\"color: #008000;\"> Target (Alexander Zeldovich)<\/span><br>\n<span style=\"color: #008000;\"> Terraferma<\/span><br>\n<span style=\"color: #008000;\"> Terri (Azazel Jacobs)<\/span><br>\n<span style=\"color: #008000;\"> Texas Killing Fields<\/span><br>\n<span style=\"color: #008000;\"> The Beaver<\/span><br>\n<span style=\"color: #008000;\"> The Big Year<\/span><br>\n<span style=\"color: #008000;\"> The Color Wheel (Alex Ross Perry)<\/span><br>\n<span style=\"color: #008000;\"> The Deep Blue Sea (Terence Davies)<\/span><br>\n<span style=\"color: #008000;\"> The First Man<\/span><br>\n<span style=\"color: #008000;\"> The Flowers of War<\/span><br>\n<span style=\"color: #008000;\"> The Future<\/span><br>\n<span style=\"color: #008000;\"> The Future (Miranda July)<\/span><br>\n<span style=\"color: #008000;\"> The Girl With the Dragon Tattoo (David Fincher)<\/span><br>\n<span style=\"color: #008000;\"> The Greatest Movie Ever Sold<\/span><br>\n<span style=\"color: #008000;\"> The Green Hornet (Michel Gondry)<\/span><br>\n<span style=\"color: #008000;\"> The Guard<\/span><br>\n<span style=\"color: #008000;\"> The Hangover Part II<\/span><br>\n<span style=\"color: #008000;\"> The Ides of March (George Clooney)<\/span><br>\n<span style=\"color: #008000;\"> The Interrupters<\/span><br>\n<span style=\"color: #008000;\"> The Kid With a Bike (Jean-Pierre and Luc Dardennes)<\/span><br>\n<span style=\"color: #008000;\"> The Last Mountain<\/span><br>\n<span style=\"color: #008000;\"> The Last Rites of Joe May<\/span><br>\n<span style=\"color: #008000;\"> The Lincoln Lawyer (Brad Furman)<\/span><br>\n<span style=\"color: #008000;\"> The Loneliest Planet (Julia Loktev)<\/span><br>\n<span style=\"color: #008000;\"> The Mechanic (Simon West)<\/span><br>\n<span style=\"color: #008000;\"> The Return (Nathaniel Dorsky)<\/span><br>\n<span style=\"color: #008000;\"> The Skin I Live In (Pedro Almodovar)<\/span><br>\n<span style=\"color: #008000;\"> The Smurfs<\/span><br>\n<span style=\"color: #008000;\"> The Three Musketeers (Paul W.S. Anderson)<\/span><br>\n<span style=\"color: #008000;\"> The Turin Horse (Bela Tarr)<\/span><br>\n<span style=\"color: #008000;\"> The Twilight Saga: Breaking Dawn \u2013 Part 1<\/span><br>\n<span style=\"color: #008000;\"> This is Not a Film (Mojtaba Mirtahmasb and Jafar Panahi)<\/span><br>\n<span style=\"color: #008000;\"> This Must Be the Place (Paolo Sorrentino)<\/span><br>\n<span style=\"color: #008000;\"> Thor<\/span><br>\n<span style=\"color: #008000;\">Transformers: Dark of the Moon (Michael Bay)<\/span><br>\n<span style=\"color: #008000;\"> Tyrannosaur<\/span><br>\n<span style=\"color: #008000;\"> Un \u00e9t\u00e9 br\u00fblant<\/span><br>\n<span style=\"color: #008000;\"> Uncle Kent (Joe Swanberg)<\/span><br>\n<span style=\"color: #008000;\"> Unknown (Jaume Collet-Serra)<\/span><br>\n<span style=\"color: #008000;\"> Warrior<\/span><br>\n<span style=\"color: #008000;\"> We Need to Talk About Kevin (Lynne Ramsay)<\/span><br>\n<span style=\"color: #008000;\"> Weekend (Andrew Haigh)<\/span><br>\n<span style=\"color: #008000;\"> What\u2019s Your Number?<\/span><br>\n<span style=\"color: #008000;\"> Where Do We Go Now?<\/span><br>\n<span style=\"color: #008000;\"> Wild and Weird<\/span><br>\n<span style=\"color: #008000;\"> Wuthering Heights<\/span><br>\n<span style=\"color: #008000;\"> Young Adult (Jason Reitman)<\/span><br>\n<span style=\"color: #008000;\"> Zookeeper<\/span><\/h6>\n<\/body><\/html>\n","protected":false},"excerpt":{"rendered":"<p>Here is the current (but occasionally updated) list of my favorite films from 2011. In order to understand the color-coding, the purpose, and meaning of this list, please read\u00a0my introduction to the Looking Closer Favorite Films lists here. Red = Treasures Purple = Favorites Blue = Achievements Gray = Decent\/Noteworthy Green = Unseen or Undecided [&hellip;]<\/p>\n","protected":false},"author":1051,"featured_media":0,"parent":79134,"menu_order":0,"comment_status":"closed","ping_status":"closed","template":"","meta":{"footnotes":""},"class_list":["post-79336","page","type-page","status-publish","hentry"],"yoast_head":"<!-- This site is optimized with the Yoast SEO plugin v21.1 - https:\/\/yoast.com\/wordpress\/plugins\/seo\/ -->\n<title>Overstreet&#039;s Favorite Films: 2011 - Looking Closer<\/title>\n<meta name=\"description\" content=\"Here is the current (but occasionally updated) list of my favorite films from 2011. In order to understand the color-coding, the purpose, and meaning of\" \/>\n<meta name=\"robots\" content=\"index, follow, max-snippet:-1, max-image-preview:large, max-video-preview:-1\" \/>\n<link rel=\"canonical\" href=\"https:\/\/www.patheos.com\/blogs\/lookingcloser\/on-film\/overstreets-favorite-films-2011\/\" \/>\n<meta property=\"og:locale\" content=\"en_US\" \/>\n<meta property=\"og:type\" content=\"article\" \/>\n<meta property=\"og:title\" content=\"Overstreet&#039;s Favorite Films: 2011 - Looking Closer\" \/>\n<meta property=\"og:description\" content=\"Here is the current (but occasionally updated) list of my favorite films from 2011. In order to understand the color-coding, the purpose, and meaning of\" \/>\n<meta property=\"og:url\" content=\"https:\/\/www.patheos.com\/blogs\/lookingcloser\/on-film\/overstreets-favorite-films-2011\/\" \/>\n<meta property=\"og:site_name\" content=\"Looking Closer\" \/>\n<meta property=\"article:modified_time\" content=\"2014-05-25T21:21:16+00:00\" \/>\n<meta name=\"twitter:card\" content=\"summary_large_image\" \/>\n<meta name=\"twitter:label1\" content=\"Est. reading time\" \/>\n\t<meta name=\"twitter:data1\" content=\"4 minutes\" \/>\n<script type=\"application\/ld+json\" class=\"yoast-schema-graph\">{\"@context\":\"https:\/\/schema.org\",\"@graph\":[{\"@type\":\"WebPage\",\"@id\":\"https:\/\/www.patheos.com\/blogs\/lookingcloser\/on-film\/overstreets-favorite-films-2011\/\",\"url\":\"https:\/\/www.patheos.com\/blogs\/lookingcloser\/on-film\/overstreets-favorite-films-2011\/\",\"name\":\"Overstreet's Favorite Films: 2011 - Looking Closer\",\"isPartOf\":{\"@id\":\"https:\/\/www.patheos.com\/blogs\/lookingcloser\/#website\"},\"datePublished\":\"2012-07-02T20:55:35+00:00\",\"dateModified\":\"2014-05-25T21:21:16+00:00\",\"description\":\"Here is the current (but occasionally updated) list of my favorite films from 2011. In order to understand the color-coding, the purpose, and meaning of\",\"breadcrumb\":{\"@id\":\"https:\/\/www.patheos.com\/blogs\/lookingcloser\/on-film\/overstreets-favorite-films-2011\/#breadcrumb\"},\"inLanguage\":\"en-US\",\"potentialAction\":[{\"@type\":\"ReadAction\",\"target\":[\"https:\/\/www.patheos.com\/blogs\/lookingcloser\/on-film\/overstreets-favorite-films-2011\/\"]}]},{\"@type\":\"BreadcrumbList\",\"@id\":\"https:\/\/www.patheos.com\/blogs\/lookingcloser\/on-film\/overstreets-favorite-films-2011\/#breadcrumb\",\"itemListElement\":[{\"@type\":\"ListItem\",\"position\":1,\"name\":\"Home\",\"item\":\"https:\/\/www.patheos.com\/blogs\/lookingcloser\/\"},{\"@type\":\"ListItem\",\"position\":2,\"name\":\"On Film\",\"item\":\"https:\/\/www.patheos.com\/blogs\/lookingcloser\/on-film\/\"},{\"@type\":\"ListItem\",\"position\":3,\"name\":\"Overstreet&#8217;s Favorite Films: 2011\"}]},{\"@type\":\"WebSite\",\"@id\":\"https:\/\/www.patheos.com\/blogs\/lookingcloser\/#website\",\"url\":\"https:\/\/www.patheos.com\/blogs\/lookingcloser\/\",\"name\":\"Looking Closer\",\"description\":\"\",\"potentialAction\":[{\"@type\":\"SearchAction\",\"target\":{\"@type\":\"EntryPoint\",\"urlTemplate\":\"https:\/\/www.patheos.com\/blogs\/lookingcloser\/?s={search_term_string}\"},\"query-input\":\"required name=search_term_string\"}],\"inLanguage\":\"en-US\"}]}<\/script>\n<!-- \/ Yoast SEO plugin. -->","yoast_head_json":{"title":"Overstreet's Favorite Films: 2011 - Looking Closer","description":"Here is the current (but occasionally updated) list of my favorite films from 2011. In order to understand the color-coding, the purpose, and meaning of","robots":{"index":"index","follow":"follow","max-snippet":"max-snippet:-1","max-image-preview":"max-image-preview:large","max-video-preview":"max-video-preview:-1"},"canonical":"https:\/\/www.patheos.com\/blogs\/lookingcloser\/on-film\/overstreets-favorite-films-2011\/","og_locale":"en_US","og_type":"article","og_title":"Overstreet's Favorite Films: 2011 - Looking Closer","og_description":"Here is the current (but occasionally updated) list of my favorite films from 2011. In order to understand the color-coding, the purpose, and meaning of","og_url":"https:\/\/www.patheos.com\/blogs\/lookingcloser\/on-film\/overstreets-favorite-films-2011\/","og_site_name":"Looking Closer","article_modified_time":"2014-05-25T21:21:16+00:00","twitter_card":"summary_large_image","twitter_misc":{"Est. reading time":"4 minutes"},"schema":{"@context":"https:\/\/schema.org","@graph":[{"@type":"WebPage","@id":"https:\/\/www.patheos.com\/blogs\/lookingcloser\/on-film\/overstreets-favorite-films-2011\/","url":"https:\/\/www.patheos.com\/blogs\/lookingcloser\/on-film\/overstreets-favorite-films-2011\/","name":"Overstreet's Favorite Films: 2011 - Looking Closer","isPartOf":{"@id":"https:\/\/www.patheos.com\/blogs\/lookingcloser\/#website"},"datePublished":"2012-07-02T20:55:35+00:00","dateModified":"2014-05-25T21:21:16+00:00","description":"Here is the current (but occasionally updated) list of my favorite films from 2011. In order to understand the color-coding, the purpose, and meaning of","breadcrumb":{"@id":"https:\/\/www.patheos.com\/blogs\/lookingcloser\/on-film\/overstreets-favorite-films-2011\/#breadcrumb"},"inLanguage":"en-US","potentialAction":[{"@type":"ReadAction","target":["https:\/\/www.patheos.com\/blogs\/lookingcloser\/on-film\/overstreets-favorite-films-2011\/"]}]},{"@type":"BreadcrumbList","@id":"https:\/\/www.patheos.com\/blogs\/lookingcloser\/on-film\/overstreets-favorite-films-2011\/#breadcrumb","itemListElement":[{"@type":"ListItem","position":1,"name":"Home","item":"https:\/\/www.patheos.com\/blogs\/lookingcloser\/"},{"@type":"ListItem","position":2,"name":"On Film","item":"https:\/\/www.patheos.com\/blogs\/lookingcloser\/on-film\/"},{"@type":"ListItem","position":3,"name":"Overstreet&#8217;s Favorite Films: 2011"}]},{"@type":"WebSite","@id":"https:\/\/www.patheos.com\/blogs\/lookingcloser\/#website","url":"https:\/\/www.patheos.com\/blogs\/lookingcloser\/","name":"Looking Closer","description":"","potentialAction":[{"@type":"SearchAction","target":{"@type":"EntryPoint","urlTemplate":"https:\/\/www.patheos.com\/blogs\/lookingcloser\/?s={search_term_string}"},"query-input":"required name=search_term_string"}],"inLanguage":"en-US"}]}},"_links":{"self":[{"href":"https:\/\/www.patheos.com\/blogs\/lookingcloser\/wp-json\/wp\/v2\/pages\/79336","targetHints":{"allow":["GET"]}}],"collection":[{"href":"https:\/\/www.patheos.com\/blogs\/lookingcloser\/wp-json\/wp\/v2\/pages"}],"about":[{"href":"https:\/\/www.patheos.com\/blogs\/lookingcloser\/wp-json\/wp\/v2\/types\/page"}],"author":[{"embeddable":true,"href":"https:\/\/www.patheos.com\/blogs\/lookingcloser\/wp-json\/wp\/v2\/users\/1051"}],"replies":[{"embeddable":true,"href":"https:\/\/www.patheos.com\/blogs\/lookingcloser\/wp-json\/wp\/v2\/comments?post=79336"}],"version-history":[{"count":0,"href":"https:\/\/www.patheos.com\/blogs\/lookingcloser\/wp-json\/wp\/v2\/pages\/79336\/revisions"}],"up":[{"embeddable":true,"href":"https:\/\/www.patheos.com\/blogs\/lookingcloser\/wp-json\/wp\/v2\/pages\/79134"}],"wp:attachment":[{"href":"https:\/\/www.patheos.com\/blogs\/lookingcloser\/wp-json\/wp\/v2\/media?parent=79336"}],"curies":[{"name":"wp","href":"https:\/\/api.w.org\/{rel}","templated":true}]}}