{"id":86802,"date":"2012-10-26T14:27:40","date_gmt":"2012-10-26T20:27:40","guid":{"rendered":"http:\/\/www.patheos.com\/blogs\/lookingcloser\/?page_id=86802"},"modified":"2014-05-24T11:22:14","modified_gmt":"2014-05-24T17:22:14","slug":"overstreets-favorite-films-2003","status":"publish","type":"page","link":"https:\/\/www.patheos.com\/blogs\/lookingcloser\/on-film\/overstreets-favorite-films-2003\/","title":{"rendered":"Overstreet&#8217;s Favorite Films: 2003"},"content":{"rendered":"<!DOCTYPE html PUBLIC \"-\/\/W3C\/\/DTD HTML 4.0 Transitional\/\/EN\" \"http:\/\/www.w3.org\/TR\/REC-html40\/loose.dtd\">\n<html><head><meta http-equiv=\"content-type\" content=\"text\/html; charset=utf-8\"><meta http-equiv=\"content-type\" content=\"text\/html; charset=utf-8\"><\/head><body><p><a href=\"https:\/\/lookingcloser.org\/wp-content\/uploads\/2011\/07\/nemo1.jpg\" class=\" decorated-link\" target=\"_blank\" rel=\"nofollow\"><img loading=\"lazy\" decoding=\"async\" class=\"alignnone size-medium wp-image-77760\" title=\"nemo1\" src=\"https:\/\/lookingcloser.org\/wp-content\/uploads\/2011\/07\/nemo1-300x202.jpg\" alt=\"\" width=\"300\" height=\"202\"><\/a><\/p>\n<p><a href=\"https:\/\/lookingcloser.org\/wp-content\/uploads\/2011\/07\/stationagent.jpg\" class=\" decorated-link\" target=\"_blank\" rel=\"nofollow\"><img loading=\"lazy\" decoding=\"async\" class=\"alignnone size-medium wp-image-77761\" title=\"stationagent\" src=\"https:\/\/lookingcloser.org\/wp-content\/uploads\/2011\/07\/stationagent-300x200.jpg\" alt=\"\" width=\"300\" height=\"200\"><\/a><\/p>\n<p><a href=\"https:\/\/lookingcloser.org\/wp-content\/uploads\/2011\/07\/return-ivananddad.jpg\" class=\" decorated-link\" target=\"_blank\" rel=\"nofollow\"><img loading=\"lazy\" decoding=\"async\" class=\"alignnone size-medium wp-image-77762\" title=\"return-ivananddad\" src=\"https:\/\/lookingcloser.org\/wp-content\/uploads\/2011\/07\/return-ivananddad-300x187.jpg\" alt=\"\" width=\"300\" height=\"187\"><\/a><br>\nHere is the current (but occasionally updated) list of my favorite films from 2003.<\/p>\n<p>In order to understand the purpose and meaning of this list, please read <a href=\"https:\/\/www.patheos.com\/blogs\/lookingcloser\/jeffrey-overstreets-favorite-films-lists\/\" class=\" decorated-link\" target=\"_blank\">my introduction to the Looking Closer Favorite Films lists here<\/a>.<\/p>\n<p>\u2022<br>\n<strong><span style=\"color: #ff0000;\">Red = Treasures<br>\n<\/span><span style=\"color: #800080;\">Purple = Favorites<br>\n<\/span><span style=\"color: #333399;\">Blue = Achievements<br>\n<\/span><span style=\"color: #333333;\">Gray = Decent\/Noteworthy<br>\n<\/span><span style=\"color: #339966;\">Green = Unseen or Undecided<\/span><br>\n* = This film was discovered after the year in question and added in a list revision.<\/strong><\/p>\n<ol>\n<li><span style=\"color: #ff0000;\">Finding Nemo<\/span><\/li>\n<li><span style=\"color: #ff0000;\">The Station Agent<\/span><\/li>\n<li><span style=\"color: #ff0000;\">Lost in Translation<\/span><\/li>\n<li><span style=\"color: #800080;\">The Five Obstructions*<\/span><\/li>\n<li><span style=\"color: #800080;\">The Lord of the Rings: The Return of the King<\/span><\/li>\n<li><span style=\"color: #800080;\">Dogville*<\/span><\/li>\n<li><span style=\"color: #800080;\">Time of the Wolf*<\/span><\/li>\n<li><span style=\"color: #800080;\"><span style=\"color: #800080;\">The Story of the Weeping Camel*<\/span><\/span><\/li>\n<li><span style=\"color: #0000ff;\">Caf\u00e9 Lumiere<\/span><\/li>\n<li><span style=\"color: #0000ff;\">Pieces of April<\/span><\/li>\n<li><span style=\"color: #0000ff;\">Master and Commander: The Far Side of the World<\/span><\/li>\n<li><span style=\"color: #0000ff;\">Last Life in the Universe<\/span><\/li>\n<li><span style=\"color: #0000ff;\">X2: X-Men United<\/span><\/li>\n<li><span style=\"color: #0000ff;\">American Splendor (<a href=\"http:\/\/lookingcloser.org\/2008\/12\/american-splendor-2003\/\" class=\" decorated-link\" target=\"_blank\" rel=\"nofollow\">review<\/a>)<\/span><\/li>\n<li><span style=\"color: #0000ff;\">The Triplets of Bellville<\/span><\/li>\n<li><span style=\"color: #0000ff;\">The Best of Youth*<\/span><\/li>\n<li><span style=\"color: #0000ff;\">Goodbye, Dragon Inn*<\/span><\/li>\n<li><span style=\"color: #0000ff;\">Pirates of the Caribbean: The Curse of the Black Pearl<\/span><\/li>\n<li><span style=\"color: #0000ff;\">Whale Rider<\/span><\/li>\n<li><span style=\"color: #0000ff;\">The Fog of War<\/span><\/li>\n<li><span style=\"color: #0000ff;\">Kill Bill, Vol. 1<\/span><\/li>\n<li><span style=\"color: #0000ff;\">Lost in La Mancha<\/span><\/li>\n<\/ol>\n<ul>\n<li><span style=\"color: #0000ff;\">Lost in La Mancha<\/span><\/li>\n<li><span style=\"color: #0000ff;\">I Capture the Castle<\/span><\/li>\n<li><span style=\"color: #0000ff;\">All the Real Girls<\/span><\/li>\n<li><span style=\"color: #0000ff;\">A Mighty Wind (<a href=\"http:\/\/lookingcloser.org\/2004\/12\/a-mighty-wind-2003\/\" class=\" decorated-link\" target=\"_blank\" rel=\"nofollow\">review<\/a>)<\/span><\/li>\n<li><span style=\"color: #0000ff;\">The Saddest Music in the World<\/span><\/li>\n<li><span style=\"color: #0000ff;\">Crimson Gold<\/span><\/li>\n<li><span style=\"color: #0000ff;\">Thirteen<\/span><\/li>\n<li><span style=\"color: #0000ff;\">Down With Love<\/span><\/li>\n<li><span style=\"color: #0000ff;\">Matchstick Men<\/span><\/li>\n<li><span style=\"color: #0000ff;\">Touching the Void<\/span><\/li>\n<li><span style=\"color: #0000ff;\">Coffee and Cigarettes<\/span><\/li>\n<li><span style=\"color: #0000ff;\">The Dreamers<\/span><\/li>\n<li><span style=\"color: #0000ff;\">Cold Mountain<\/span><\/li>\n<li><span style=\"color: #0000ff;\">The Barbarian Invsions<\/span><\/li>\n<li><span style=\"color: #0000ff;\">Intolerable Cruelty<\/span><\/li>\n<li><span style=\"color: #0000ff;\">Open Range<\/span><\/li>\n<li><span style=\"color: #0000ff;\">Girl with a Pearl Earring<\/span><\/li>\n<li><span style=\"color: #0000ff;\">Spring Summer Fall Winter\u2026and Spring<\/span><\/li>\n<li><span style=\"color: #0000ff;\">Shattered Glass<\/span><\/li>\n<li><span style=\"color: #0000ff;\"><span style=\"color: #0000ff;\">Holes<\/span><\/span><\/li>\n<li><span style=\"color: #333333;\">Peter Pan<\/span><\/li>\n<li><span style=\"color: #333333;\">The Matrix Revolutions<\/span><\/li>\n<li><span style=\"color: #333333;\">House of Sand and Fog<\/span><\/li>\n<li><span style=\"color: #333333;\">The Human Stain<\/span><\/li>\n<li><span style=\"color: #333333;\">Levity<\/span><\/li>\n<li><span style=\"color: #333333;\">Monster<\/span><\/li>\n<li><span style=\"color: #333333;\">Swimming Pool<\/span><\/li>\n<li><span style=\"color: #333333;\">Love Actually<\/span><\/li>\n<li><span style=\"color: #333333;\">Northfork<\/span><\/li>\n<\/ul>\n<h6 style=\"text-align: right;\">As-yet Unseen or Unratable Films of 2003<\/h6>\n<h6 style=\"text-align: right;\"><span style=\"color: #008000;\">7:35 in the Morning<\/span><br>\n<span style=\"color: #008000;\"> A Tale of Two Sisters (Kim Ji-woon)<\/span><br>\n<span style=\"color: #008000;\"> A Talking Picture (Manoel de Oliveira)<\/span><br>\n<span style=\"color: #008000;\"> Alila<\/span><br>\n<span style=\"color: #008000;\"> At Five in the Afternoon<\/span><br>\n<span style=\"color: #008000;\"> Baadasssss!<\/span><br>\n<span style=\"color: #008000;\"> Baramnan gajok<\/span><br>\n<span style=\"color: #008000;\"> Basic (John McTiernan)<\/span><br>\n<span style=\"color: #008000;\"> Bon Voyage<\/span><br>\n<span style=\"color: #008000;\"> Bright Future<\/span><br>\n<span style=\"color: #008000;\"> Bright Young Things<\/span><br>\n<span style=\"color: #008000;\"> Broadway: The Golden Age, by the Legends Who Were There<\/span><br>\n<span style=\"color: #008000;\"> Bukowski: Born into This<\/span><br>\n<span style=\"color: #008000;\"> Cinema 16<\/span><br>\n<span style=\"color: #008000;\"> Code 46<\/span><br>\n<span style=\"color: #008000;\"> Cowards Bend the Knee (Guy Maddin)<\/span><br>\n<span style=\"color: #008000;\"> Deliver Us from Eva<\/span><br>\n<span style=\"color: #008000;\"> Destino<\/span><br>\n<span style=\"color: #008000;\"> Dopamine<\/span><br>\n<span style=\"color: #008000;\"> Doppelganger (Kiyoshi Kurosawa)<\/span><br>\n<span style=\"color: #008000;\"> Elephant (Gus Van Sant)<\/span><br>\n<span style=\"color: #008000;\"> End of the Century<\/span><br>\n<span style=\"color: #008000;\"> Evil<\/span><br>\n<span style=\"color: #008000;\"> Father and Son (Alexander Sokurov)<\/span><br>\n<span style=\"color: #008000;\"> Ghosts of the Abyss<\/span><br>\n<span style=\"color: #008000;\"> Girlhood<\/span><br>\n<span style=\"color: #008000;\"> Go Further<\/span><br>\n<span style=\"color: #008000;\"> Good Bye, Lenin!<\/span><br>\n<span style=\"color: #008000;\"> Good Morning, Night<\/span><br>\n<span style=\"color: #008000;\"> Gozu (Takashi Miike)<\/span><br>\n<span style=\"color: #008000;\"> Head of State<\/span><br>\n<span style=\"color: #008000;\"> Identity<\/span><br>\n<span style=\"color: #008000;\"> Il Miracolo<\/span><br>\n<span style=\"color: #008000;\"> I\u2019ll Sleep When I\u2019m Dead (Mike Hodges)<\/span><br>\n<span style=\"color: #008000;\"> I\u2019m Not Scared (Gabriele Salvatores)<\/span><br>\n<span style=\"color: #008000;\"> Imagining Argentina<\/span><br>\n<span style=\"color: #008000;\"> Intermission<\/span><br>\n<span style=\"color: #008000;\"> Japanese Story<\/span><br>\n<span style=\"color: #008000;\"> Jesus, You Know (Ulrich Seidl)<\/span><br>\n<span style=\"color: #008000;\"> Johnny English<\/span><br>\n<span style=\"color: #008000;\"> Kitchen Stories (Bent Hamer)<\/span><br>\n<span style=\"color: #008000;\"> K\u00f4h\u00ee jik\u00f4<\/span><br>\n<span style=\"color: #008000;\"> La Petite Lili<\/span><br>\n<span style=\"color: #008000;\"> Le Cerf-volant<\/span><br>\n<span style=\"color: #008000;\"> Les Sentiments<\/span><br>\n<span style=\"color: #008000;\"> Lian zhi feng jing<\/span><br>\n<span style=\"color: #008000;\"> Looney Tunes: Back in Action<\/span><br>\n<span style=\"color: #008000;\"> Los Angeles Plays Itself (Thom Andersen)<\/span><br>\n<span style=\"color: #008000;\"> Memories of Murder (Bong Joon-ho)<\/span><br>\n<span style=\"color: #008000;\"> Monsieur Ibrahim<\/span><br>\n<span style=\"color: #008000;\"> My Architect: A Son\u2019s Journey<\/span><br>\n<span style=\"color: #008000;\"> My Flesh and Blood<\/span><br>\n<span style=\"color: #008000;\"> My Life Without Me<\/span><br>\n<span style=\"color: #008000;\"> No Rest for the Brave (Alain Guiraudie)<\/span><br>\n<span style=\"color: #008000;\"> Not on the Lips (Alain Resnais)<\/span><br>\n<span style=\"color: #008000;\"> Noviembre<\/span><br>\n<span style=\"color: #008000;\"> Off the Map<\/span><br>\n<span style=\"color: #008000;\"> Open Water<\/span><br>\n<span style=\"color: #008000;\"> Osama<\/span><br>\n<span style=\"color: #008000;\"> Owning Mahowny<\/span><br>\n<span style=\"color: #008000;\"> Playing \u2018In the Company of Men\u2019 (Arnaud Desplechin)<\/span><br>\n<span style=\"color: #008000;\"> Pornografia<\/span><br>\n<span style=\"color: #008000;\"> Raja (Jacques Doillon)<\/span><br>\n<span style=\"color: #008000;\"> Rhinoceros Eyes<\/span><br>\n<span style=\"color: #008000;\"> Rosenstrasse<\/span><br>\n<span style=\"color: #008000;\"> Runaway Jury<\/span><br>\n<span style=\"color: #008000;\"> S-21 (Rithy Panh)<\/span><br>\n<span style=\"color: #008000;\"> Saraband<\/span><br>\n<span style=\"color: #008000;\"> Schultze Gets the Blues<\/span><br>\n<span style=\"color: #008000;\"> Segreti di stato<\/span><br>\n<span style=\"color: #008000;\"> Shara (Naomi Kawase)<\/span><br>\n<span style=\"color: #008000;\"> Sinbad: Legend of the Seven Seas<\/span><br>\n<span style=\"color: #008000;\"> Sjaj u ocima<\/span><br>\n<span style=\"color: #008000;\"> Son fr\u00e8re (Patrice Chereau)<\/span><br>\n<span style=\"color: #008000;\"> Stuck on You (Bobby and Peter Farrelly)<\/span><br>\n<span style=\"color: #008000;\"> Take My Eyes<\/span><span style=\"color: #008000;\"><br>\n<\/span> <span style=\"color: #008000;\"> Tarnation (Jonathan Caouette)<\/span><br>\n<span style=\"color: #008000;\"> The Agronomist<\/span><br>\n<span style=\"color: #008000;\"> The Animation Show<\/span><br>\n<span style=\"color: #008000;\"> The Blind Swordsman: Zat\u00f4ichi<\/span><br>\n<span style=\"color: #008000;\"> The Company (Robert Altman)<\/span><br>\n<span style=\"color: #008000;\"> The Cooler<\/span><br>\n<span style=\"color: #008000;\"> The Corporation (Mark Achbar and Jennifer Abbott)<\/span><br>\n<span style=\"color: #008000;\"> The Far Side of the Moon (Robert Lepage)<\/span><br>\n<span style=\"color: #008000;\"> The Flower of Evil (Claude Chabrol)<\/span><br>\n<span style=\"color: #008000;\"> The Forest for the Trees (Maren Ade)<\/span><br>\n<span style=\"color: #008000;\"> The Hunted (William Friedkin)<\/span><br>\n<span style=\"color: #008000;\"> The Memory of a Killer<\/span><br>\n<span style=\"color: #008000;\"> The Mother<\/span><br>\n<span style=\"color: #008000;\"> The Rundown<\/span><br>\n<span style=\"color: #008000;\"> The Same River Twice<\/span><br>\n<span style=\"color: #008000;\"> The Shape of Things<\/span><br>\n<span style=\"color: #008000;\"> The Story of Marie and Julien (Jacques Rivette)<\/span><br>\n<span style=\"color: #008000;\"> Timeline (Richard Donner)<\/span><br>\n<span style=\"color: #008000;\"> Tokyo Godfathers<\/span><br>\n<span style=\"color: #008000;\"> Tom Dowd &amp; the Language of Music<\/span><br>\n<span style=\"color: #008000;\"> Toutes ces belle promesses (Jean-Paul Civeyrac)<\/span><br>\n<span style=\"color: #008000;\"> Tupac: Resurrection<\/span><br>\n<span style=\"color: #008000;\"> Twentynine Palms (Bruno Dumont)<\/span><br>\n<span style=\"color: #008000;\"> Two Cars, One Night<\/span><br>\n<span style=\"color: #008000;\"> Untold Scandal (Lee Je-yong)<\/span><br>\n<span style=\"color: #008000;\"> Vai e Vem (Jo\u00e3o C\u00e9sar Monteiro)<\/span><br>\n<span style=\"color: #008000;\"> Vibrator (Ryuichi Hiroki)<\/span><br>\n<span style=\"color: #008000;\"> Voices of a Distant Star (Makoto Shinkai and Steven Foster)<\/span><br>\n<span style=\"color: #008000;\"> Waiting for the Clouds (Yesim Ustaoglu)<\/span><br>\n<span style=\"color: #008000;\"> Wasp<\/span><br>\n<span style=\"color: #008000;\"> West of the Tracks (Wang Bing)<\/span><br>\n<span style=\"color: #008000;\"> Zatoichi (Takeshi Kitano)<\/span><br>\n<span style=\"color: #008000;\"> Zelary<\/span><br>\n<span style=\"color: #008000;\"> Zero Day (Ben Coccio)<\/span><\/h6>\n<\/body><\/html>\n","protected":false},"excerpt":{"rendered":"<p>Here is the current (but occasionally updated) list of my favorite films from 2003. In order to understand the purpose and meaning of this list, please read my introduction to the Looking Closer Favorite Films lists here. \u2022 Red = Treasures Purple = Favorites Blue = Achievements Gray = Decent\/Noteworthy Green = Unseen or Undecided [&hellip;]<\/p>\n","protected":false},"author":1051,"featured_media":0,"parent":79134,"menu_order":0,"comment_status":"closed","ping_status":"closed","template":"","meta":{"footnotes":""},"class_list":["post-86802","page","type-page","status-publish","hentry"],"yoast_head":"<!-- This site is optimized with the Yoast SEO plugin v21.1 - https:\/\/yoast.com\/wordpress\/plugins\/seo\/ -->\n<title>Overstreet&#039;s Favorite Films: 2003 - Looking Closer<\/title>\n<meta name=\"description\" content=\"Here is the current (but occasionally updated) list of my favorite films from 2003. In order to understand the purpose and meaning of this list, please\" \/>\n<meta name=\"robots\" content=\"index, follow, max-snippet:-1, max-image-preview:large, max-video-preview:-1\" \/>\n<link rel=\"canonical\" href=\"https:\/\/www.patheos.com\/blogs\/lookingcloser\/on-film\/overstreets-favorite-films-2003\/\" \/>\n<meta property=\"og:locale\" content=\"en_US\" \/>\n<meta property=\"og:type\" content=\"article\" \/>\n<meta property=\"og:title\" content=\"Overstreet&#039;s Favorite Films: 2003 - Looking Closer\" \/>\n<meta property=\"og:description\" content=\"Here is the current (but occasionally updated) list of my favorite films from 2003. In order to understand the purpose and meaning of this list, please\" \/>\n<meta property=\"og:url\" content=\"https:\/\/www.patheos.com\/blogs\/lookingcloser\/on-film\/overstreets-favorite-films-2003\/\" \/>\n<meta property=\"og:site_name\" content=\"Looking Closer\" \/>\n<meta property=\"article:modified_time\" content=\"2014-05-24T17:22:14+00:00\" \/>\n<meta property=\"og:image\" content=\"http:\/\/lookingcloser.org\/wp-content\/uploads\/2011\/07\/nemo1-300x202.jpg\" \/>\n<meta name=\"twitter:card\" content=\"summary_large_image\" \/>\n<meta name=\"twitter:label1\" content=\"Est. reading time\" \/>\n\t<meta name=\"twitter:data1\" content=\"3 minutes\" \/>\n<script type=\"application\/ld+json\" class=\"yoast-schema-graph\">{\"@context\":\"https:\/\/schema.org\",\"@graph\":[{\"@type\":\"WebPage\",\"@id\":\"https:\/\/www.patheos.com\/blogs\/lookingcloser\/on-film\/overstreets-favorite-films-2003\/\",\"url\":\"https:\/\/www.patheos.com\/blogs\/lookingcloser\/on-film\/overstreets-favorite-films-2003\/\",\"name\":\"Overstreet's Favorite Films: 2003 - Looking Closer\",\"isPartOf\":{\"@id\":\"https:\/\/www.patheos.com\/blogs\/lookingcloser\/#website\"},\"datePublished\":\"2012-10-26T20:27:40+00:00\",\"dateModified\":\"2014-05-24T17:22:14+00:00\",\"description\":\"Here is the current (but occasionally updated) list of my favorite films from 2003. In order to understand the purpose and meaning of this list, please\",\"breadcrumb\":{\"@id\":\"https:\/\/www.patheos.com\/blogs\/lookingcloser\/on-film\/overstreets-favorite-films-2003\/#breadcrumb\"},\"inLanguage\":\"en-US\",\"potentialAction\":[{\"@type\":\"ReadAction\",\"target\":[\"https:\/\/www.patheos.com\/blogs\/lookingcloser\/on-film\/overstreets-favorite-films-2003\/\"]}]},{\"@type\":\"BreadcrumbList\",\"@id\":\"https:\/\/www.patheos.com\/blogs\/lookingcloser\/on-film\/overstreets-favorite-films-2003\/#breadcrumb\",\"itemListElement\":[{\"@type\":\"ListItem\",\"position\":1,\"name\":\"Home\",\"item\":\"https:\/\/www.patheos.com\/blogs\/lookingcloser\/\"},{\"@type\":\"ListItem\",\"position\":2,\"name\":\"On Film\",\"item\":\"https:\/\/www.patheos.com\/blogs\/lookingcloser\/on-film\/\"},{\"@type\":\"ListItem\",\"position\":3,\"name\":\"Overstreet&#8217;s Favorite Films: 2003\"}]},{\"@type\":\"WebSite\",\"@id\":\"https:\/\/www.patheos.com\/blogs\/lookingcloser\/#website\",\"url\":\"https:\/\/www.patheos.com\/blogs\/lookingcloser\/\",\"name\":\"Looking Closer\",\"description\":\"\",\"potentialAction\":[{\"@type\":\"SearchAction\",\"target\":{\"@type\":\"EntryPoint\",\"urlTemplate\":\"https:\/\/www.patheos.com\/blogs\/lookingcloser\/?s={search_term_string}\"},\"query-input\":\"required name=search_term_string\"}],\"inLanguage\":\"en-US\"}]}<\/script>\n<!-- \/ Yoast SEO plugin. -->","yoast_head_json":{"title":"Overstreet's Favorite Films: 2003 - Looking Closer","description":"Here is the current (but occasionally updated) list of my favorite films from 2003. In order to understand the purpose and meaning of this list, please","robots":{"index":"index","follow":"follow","max-snippet":"max-snippet:-1","max-image-preview":"max-image-preview:large","max-video-preview":"max-video-preview:-1"},"canonical":"https:\/\/www.patheos.com\/blogs\/lookingcloser\/on-film\/overstreets-favorite-films-2003\/","og_locale":"en_US","og_type":"article","og_title":"Overstreet's Favorite Films: 2003 - Looking Closer","og_description":"Here is the current (but occasionally updated) list of my favorite films from 2003. In order to understand the purpose and meaning of this list, please","og_url":"https:\/\/www.patheos.com\/blogs\/lookingcloser\/on-film\/overstreets-favorite-films-2003\/","og_site_name":"Looking Closer","article_modified_time":"2014-05-24T17:22:14+00:00","og_image":[{"url":"http:\/\/lookingcloser.org\/wp-content\/uploads\/2011\/07\/nemo1-300x202.jpg"}],"twitter_card":"summary_large_image","twitter_misc":{"Est. reading time":"3 minutes"},"schema":{"@context":"https:\/\/schema.org","@graph":[{"@type":"WebPage","@id":"https:\/\/www.patheos.com\/blogs\/lookingcloser\/on-film\/overstreets-favorite-films-2003\/","url":"https:\/\/www.patheos.com\/blogs\/lookingcloser\/on-film\/overstreets-favorite-films-2003\/","name":"Overstreet's Favorite Films: 2003 - Looking Closer","isPartOf":{"@id":"https:\/\/www.patheos.com\/blogs\/lookingcloser\/#website"},"datePublished":"2012-10-26T20:27:40+00:00","dateModified":"2014-05-24T17:22:14+00:00","description":"Here is the current (but occasionally updated) list of my favorite films from 2003. In order to understand the purpose and meaning of this list, please","breadcrumb":{"@id":"https:\/\/www.patheos.com\/blogs\/lookingcloser\/on-film\/overstreets-favorite-films-2003\/#breadcrumb"},"inLanguage":"en-US","potentialAction":[{"@type":"ReadAction","target":["https:\/\/www.patheos.com\/blogs\/lookingcloser\/on-film\/overstreets-favorite-films-2003\/"]}]},{"@type":"BreadcrumbList","@id":"https:\/\/www.patheos.com\/blogs\/lookingcloser\/on-film\/overstreets-favorite-films-2003\/#breadcrumb","itemListElement":[{"@type":"ListItem","position":1,"name":"Home","item":"https:\/\/www.patheos.com\/blogs\/lookingcloser\/"},{"@type":"ListItem","position":2,"name":"On Film","item":"https:\/\/www.patheos.com\/blogs\/lookingcloser\/on-film\/"},{"@type":"ListItem","position":3,"name":"Overstreet&#8217;s Favorite Films: 2003"}]},{"@type":"WebSite","@id":"https:\/\/www.patheos.com\/blogs\/lookingcloser\/#website","url":"https:\/\/www.patheos.com\/blogs\/lookingcloser\/","name":"Looking Closer","description":"","potentialAction":[{"@type":"SearchAction","target":{"@type":"EntryPoint","urlTemplate":"https:\/\/www.patheos.com\/blogs\/lookingcloser\/?s={search_term_string}"},"query-input":"required name=search_term_string"}],"inLanguage":"en-US"}]}},"_links":{"self":[{"href":"https:\/\/www.patheos.com\/blogs\/lookingcloser\/wp-json\/wp\/v2\/pages\/86802","targetHints":{"allow":["GET"]}}],"collection":[{"href":"https:\/\/www.patheos.com\/blogs\/lookingcloser\/wp-json\/wp\/v2\/pages"}],"about":[{"href":"https:\/\/www.patheos.com\/blogs\/lookingcloser\/wp-json\/wp\/v2\/types\/page"}],"author":[{"embeddable":true,"href":"https:\/\/www.patheos.com\/blogs\/lookingcloser\/wp-json\/wp\/v2\/users\/1051"}],"replies":[{"embeddable":true,"href":"https:\/\/www.patheos.com\/blogs\/lookingcloser\/wp-json\/wp\/v2\/comments?post=86802"}],"version-history":[{"count":0,"href":"https:\/\/www.patheos.com\/blogs\/lookingcloser\/wp-json\/wp\/v2\/pages\/86802\/revisions"}],"up":[{"embeddable":true,"href":"https:\/\/www.patheos.com\/blogs\/lookingcloser\/wp-json\/wp\/v2\/pages\/79134"}],"wp:attachment":[{"href":"https:\/\/www.patheos.com\/blogs\/lookingcloser\/wp-json\/wp\/v2\/media?parent=86802"}],"curies":[{"name":"wp","href":"https:\/\/api.w.org\/{rel}","templated":true}]}}